{"id":1180,"date":"2023-06-23T13:21:55","date_gmt":"2023-06-23T11:21:55","guid":{"rendered":"https:\/\/wingchunhospitalet.es\/politica-de-privacitat\/"},"modified":"2025-04-19T13:27:30","modified_gmt":"2025-04-19T11:27:30","slug":"politica-de-privacitat","status":"publish","type":"page","link":"https:\/\/wingchunhospitalet.es\/ca\/politica-de-privacitat\/","title":{"rendered":"Pol\u00edtica de privacitat"},"content":{"rendered":"\n<p>WING CHUN HOSPITALET tracta les dades dels seus subscriptors garantint la protecci\u00f3, la privacitat i la confidencialitat a fi d&#8217;atorgar la major protecci\u00f3 possible als seus drets fonamentals com a ciutad\u00e0 de la Uni\u00f3 Europea.<\/p>\n\n<p>En aquest sentit li oferim la informaci\u00f3 necess\u00e0ria d&#8217;acord amb el que es disposa en el art.\u00ba 13 del Reglament (UE) 2016\/679 del Parlament Europeu i del Consell, de 27 d&#8217;abril de 2016, Relatiu a la Protecci\u00f3 de les Persones F\u00edsiques pel que fa al Tractament de Dades Personals i a la Lliure Circulaci\u00f3 d&#8217;aquestes Dades (RGPD).<\/p>\n\n<h2 class=\"wp-block-heading\">1- ENTITAT RESPONSABLE<\/h2>\n\n<p>Empresa: Asociaci\u00f3n Wing Chun Hospitalet<\/p>\n\n<p>Responsable: Mariano Sagarra Quir\u00f3s<\/p>\n\n<p>Adre\u00e7a: Av. de Josep Tarradellas i Joan, 247, 08901 L&#8217;Hospitalet de Llobregat, Barcelona<\/p>\n\n<p>E-mail: <a href=\"mailto:Info@wingchunhospitalet.es\">Info@wingchunhospitalet.es<\/a><\/p>\n\n<p>NIF: 46467681E<\/p>\n\n<h2 class=\"wp-block-heading\">2- FINALITAT DEL TRACTAMENT<\/h2>\n\n<p><strong>A) Informaci\u00f3 de serveis<\/strong><\/p>\n\n<p>Les dades facilitades ens ajuden a contactar amb vost\u00e8 i informa&#8217;l de les novetats de l&#8217;empresa, aix\u00ed com els seus productes, serveis, preus i informaci\u00f3 sol\u00b7licitada en alguna consulta a trav\u00e9s del formulari.<\/p>\n\n<p><strong>B) Registre i base de dades<\/strong><\/p>\n\n<p>Tots els formularis del lloc web estan connectats a una base dades externa classificada, la qual cont\u00e9 tota la informaci\u00f3 de cada soci afiliat, aix\u00ed com les seves dades personals, compte bancari, data de naixement i contacte. La fi d&#8217;aquesta base de dades at\u00e9n el mer fet de gesti\u00f3 interna, i en cap cas es compartir\u00e0 amb terceres fonts. <\/p>\n\n<p><strong>C) Enviaments de comunicaci\u00f3 personalitzada<\/strong><\/p>\n\n<p>La informaci\u00f3 de contacte ser\u00e0 utilitzada per a enviar peri\u00f2dicament continguts comercials relacionats amb ofertes, descomptes, esdeveniments o nous llan\u00e7aments que coincideixin amb les seves prefer\u00e8ncies.<\/p>\n\n<p><strong>D) Fins de m\u00e0rqueting i publicitat<\/strong><\/p>\n\n<p>La informaci\u00f3 registrada de vost\u00e8 ens permet realitzar la gesti\u00f3 d&#8217;una base de dades de clients, amb la qual podem gestionar cada compte de manera independent oferint la publicitat m\u00e9s adequada per a cada usuari.<\/p>\n\n<h3 class=\"wp-block-heading\">3- DESTINATARIS DE LES DADES<\/h3>\n\n<p>MARIANO SAGARRA, en nom de l&#8217;empresa WING CHUN HOSPITALET \u00e9s la persona autoritzada a gestionar el tractament de les dades. Aquestes dades no seran cedits en cap cas a tercers que no figurin en l&#8217;empresa. <\/p>\n\n<h3 class=\"wp-block-heading\">4- PROCED\u00c8NCIA DE DADES<\/h3>\n\n<p>WING CHUN HOSPITALET obt\u00e9 les dades per al compliment de la finalitat del tractament del propi interessat.<\/p>\n\n<h3 class=\"wp-block-heading\">5- TERMINI DE CONSERVACI\u00d3 DE DADES<\/h3>\n\n<p>WING CHUN HOSPITALET conservar\u00e0 les seves dades a l&#8217;efecte de la finalitat de requeriment d&#8217;informaci\u00f3 durant el per\u00edode de 90 dies. A l&#8217;efecte de fins de publicitat de serveis semblants les dades es conservaran durant un termini m\u00e0xim legal necessari per a la defensa dels interessos legals de la companyia davant possibles accions legals. <\/p>\n\n<p>No obstant aix\u00f2, les dades quedaran bloquejats \u00fanicament als efectes abans citats en el termini d&#8217;un any des de la seva captaci\u00f3.<\/p>\n\n<h3 class=\"wp-block-heading\">6- CONSENTIMENT<\/h3>\n\n<p>WING CHUN HOSPITALET obt\u00e9 el consentiment del subscriptor per al tractament de les seves dades respecte de les finalitats anteriorment descrites en l&#8217;apartat 2 del document mitjan\u00e7ant la seva acceptaci\u00f3 lliure a trav\u00e9s del formulari de contacte de la web.<\/p>\n\n<p>Vost\u00e8 podr\u00e0 consentir el tractament de les dades per a cada finalitat de manera independent, aix\u00ed com retirar el seu consentiment en qualsevol moment per a cadascuna de les finalitats. La retirada del Consentiment per part del subscriptor d&#8217;un tractament concret no afectar\u00e0 la licitud del tractament de dades realitzat amb anterioritat a aquesta decisi\u00f3. <\/p>\n\n<h3 class=\"wp-block-heading\">7- EXERCICI DE DRETS<\/h3>\n\n<p>L&#8217;Usuari podr\u00e0 en qualsevol moment exercitar els seus drets en la forma establerta en la normativa sobre protecci\u00f3 de dades. Espec\u00edficament podr\u00e0: <\/p>\n\n<p>A) Revocar en qualsevol moment l&#8217;autoritzaci\u00f3 concedida per al tractament de les seves dades.<\/p>\n\n<p>B) Exercitar els drets d&#8217;acc\u00e9s, rectificaci\u00f3, oposici\u00f3, supressi\u00f3, minimitzaci\u00f3 i portabilitat, aix\u00ed com a no ser objecte de decisions automatitzades. Per a exercitar els seus drets haur\u00e0 de dirigir-se per escrit al responsable del Fitxer a trav\u00e9s de la seg\u00fcent adre\u00e7a de correu electr\u00f2nic: <\/p>\n\n<p><strong>Info@wingchunhospitalet.es<\/strong><\/p>\n\n<p>Aix\u00ed mateix, l&#8217;interessat pot, si ho desitja i per a salvaguardar els seus drets, dirigir-se a l&#8217;Ag\u00e8ncia Espanyola de Protecci\u00f3 de Dades (AEPD), amb domicili en 28001 de Madrid, Cl Jorge Juan n\u00fam. 6.<\/p>\n\n<h3 class=\"wp-block-heading\">8- TRANSFER\u00c8NCIES INTERNACIONALS<\/h3>\n\n<p>No es contempla pel responsable del fitxer la transfer\u00e8ncia internacional de dades dels usuaris que formin part de la base de dades de WING CHUN HOSPITALET.<\/p>\n\n<h3 class=\"wp-block-heading\">9-DRETS DE PROPIETAT INTEL\u00b7LECTUAL I INDUSTRIAL I DRETS SOBRE BASES DE DADES<\/h3>\n\n<p>Tot contingut albergat en el Lloc web, com per exemple text, gr\u00e0fics, logotips, icones de botons, imatges, clips d&#8217;\u00e0udio, desc\u00e0rregues digitals, recopilacions de dades i programari s\u00f3n propietat de WING CHUN HOSPITALET o els seus prove\u00efdors de contingut i est\u00e0 protegit per les lleis de Luxemburg i internacionals sobre drets de propietat intel\u00b7lectual i industrial, i drets sobre bases de dades.<\/p>\n\n<p>El conjunt de tot el contingut d&#8217;aquest Lloc web \u00e9s propietat exclusiva de WING CHUN HOSPITALET, i est\u00e0 protegit per les lleis espanyoles i internacionals sobre drets de propietat intel\u00b7lectual i drets sobre bases de dades. Tot el programari utilitzat en aquest Lloc web \u00e9s propietat de WING CHUN HOSPITALET, i est\u00e0 protegit per les lleis d&#8217;Espanya i internacionals sobre drets de propietat intel\u00b7lectual i industrial. <\/p>\n\n<p>Queden expressament prohibides la reproducci\u00f3, la distribuci\u00f3 i la comunicaci\u00f3 p\u00fablica, inclosa la seva modalitat de posada a disposici\u00f3, de la totalitat o part dels continguts d&#8217;aquesta p\u00e0gina web, amb finalitats comercials, en qualsevol suport i per qualsevol mitj\u00e0 t\u00e8cnic, sense l&#8217;autoritzaci\u00f3 de la persona responsable. L&#8217;usuari es compromet a respectar els drets de Propietat Intel\u00b7lectual i Industrial titularitat de la seva titularitat. <\/p>\n\n<p>Tots els continguts publicats en el lloc web i especialment els dissenys, textos, imatges, v\u00eddeos, gr\u00e0fics, logos, icones, botons, aix\u00ed com els noms comercials, les marques o dibuixos i qualsevol altre signe susceptible d&#8217;utilitzaci\u00f3 industrial i comercial estan subjectes a drets de propietat intel\u00b7lectual i industrial de la WING CHUN HOSPITALET.<\/p>\n\n<p>En cap cas s&#8217;entendr\u00e0 que es concedeix cap llic\u00e8ncia o s&#8217;efectua ren\u00fancia, transmissi\u00f3, cessi\u00f3 total o parcial d&#8217;aquests drets ni es confereix cap dret ni expectativa de dret, i especialment, d&#8217;alteraci\u00f3, explotaci\u00f3, reproducci\u00f3, distribuci\u00f3 o comunicaci\u00f3 p\u00fablica sobre aquests continguts sense la pr\u00e8via autoritzaci\u00f3 expressa de WING CHUN HOSPITALET.<\/p>\n\n<p>A data de 06\/11\/2023<\/p>\n","protected":false},"excerpt":{"rendered":"<p>WING CHUN HOSPITALET tracta les dades dels seus subscriptors garantint la protecci\u00f3, la privacitat i la confidencialitat a fi d&#8217;atorgar la major protecci\u00f3 possible als seus drets fonamentals com a ciutad\u00e0 de la Uni\u00f3 Europea. En aquest sentit li oferim la informaci\u00f3 necess\u00e0ria d&#8217;acord amb el que es disposa en el art.\u00ba 13 del Reglament [&hellip;]<\/p>\n","protected":false},"author":1,"featured_media":0,"parent":0,"menu_order":0,"comment_status":"closed","ping_status":"closed","template":"","meta":{"footnotes":""},"class_list":["post-1180","page","type-page","status-publish","hentry"],"yoast_head":"<!-- This site is optimized with the Yoast SEO plugin v25.3.1 - https:\/\/yoast.com\/wordpress\/plugins\/seo\/ -->\n<title>Pol\u00edtica de privacitat - Wing chun Kung fu Hospitalet<\/title>\n<meta name=\"robots\" content=\"noindex, nofollow\" \/>\n<meta property=\"og:locale\" content=\"ca_ES\" \/>\n<meta property=\"og:type\" content=\"article\" \/>\n<meta property=\"og:title\" content=\"Pol\u00edtica de privacitat - Wing chun Kung fu Hospitalet\" \/>\n<meta property=\"og:description\" content=\"WING CHUN HOSPITALET tracta les dades dels seus subscriptors garantint la protecci\u00f3, la privacitat i la confidencialitat a fi d&#8217;atorgar la major protecci\u00f3 possible als seus drets fonamentals com a ciutad\u00e0 de la Uni\u00f3 Europea. En aquest sentit li oferim la informaci\u00f3 necess\u00e0ria d&#8217;acord amb el que es disposa en el art.\u00ba 13 del Reglament [&hellip;]\" \/>\n<meta property=\"og:url\" content=\"https:\/\/wingchunhospitalet.es\/ca\/politica-de-privacitat\/\" \/>\n<meta property=\"og:site_name\" content=\"Wing chun Kung fu Hospitalet\" \/>\n<meta property=\"article:publisher\" content=\"https:\/\/www.facebook.com\/kungfuhospitalet\/?locale=es_ES\" \/>\n<meta property=\"article:modified_time\" content=\"2025-04-19T11:27:30+00:00\" \/>\n<meta name=\"twitter:card\" content=\"summary_large_image\" \/>\n<meta name=\"twitter:label1\" content=\"Temps estimat de lectura\" \/>\n\t<meta name=\"twitter:data1\" content=\"5 minuts\" \/>\n<script type=\"application\/ld+json\" class=\"yoast-schema-graph\">{\"@context\":\"https:\/\/schema.org\",\"@graph\":[{\"@type\":\"WebPage\",\"@id\":\"https:\/\/wingchunhospitalet.es\/ca\/politica-de-privacitat\/\",\"url\":\"https:\/\/wingchunhospitalet.es\/ca\/politica-de-privacitat\/\",\"name\":\"Pol\u00edtica de privacitat - Wing chun Kung fu Hospitalet\",\"isPartOf\":{\"@id\":\"https:\/\/wingchunhospitalet.es\/ca\/#website\"},\"datePublished\":\"2023-06-23T11:21:55+00:00\",\"dateModified\":\"2025-04-19T11:27:30+00:00\",\"breadcrumb\":{\"@id\":\"https:\/\/wingchunhospitalet.es\/ca\/politica-de-privacitat\/#breadcrumb\"},\"inLanguage\":\"ca\",\"potentialAction\":[{\"@type\":\"ReadAction\",\"target\":[\"https:\/\/wingchunhospitalet.es\/ca\/politica-de-privacitat\/\"]}]},{\"@type\":\"BreadcrumbList\",\"@id\":\"https:\/\/wingchunhospitalet.es\/ca\/politica-de-privacitat\/#breadcrumb\",\"itemListElement\":[{\"@type\":\"ListItem\",\"position\":1,\"name\":\"Portada\",\"item\":\"https:\/\/wingchunhospitalet.es\/ca\/\"},{\"@type\":\"ListItem\",\"position\":2,\"name\":\"Pol\u00edtica de privacitat\"}]},{\"@type\":\"WebSite\",\"@id\":\"https:\/\/wingchunhospitalet.es\/ca\/#website\",\"url\":\"https:\/\/wingchunhospitalet.es\/ca\/\",\"name\":\"Wing chun Kung fu Hospitalet\",\"description\":\"Escuela de Kung Fu\",\"publisher\":{\"@id\":\"https:\/\/wingchunhospitalet.es\/ca\/#organization\"},\"alternateName\":\"Wing Chun Hospitalet\",\"potentialAction\":[{\"@type\":\"SearchAction\",\"target\":{\"@type\":\"EntryPoint\",\"urlTemplate\":\"https:\/\/wingchunhospitalet.es\/ca\/?s={search_term_string}\"},\"query-input\":{\"@type\":\"PropertyValueSpecification\",\"valueRequired\":true,\"valueName\":\"search_term_string\"}}],\"inLanguage\":\"ca\"},{\"@type\":\"Organization\",\"@id\":\"https:\/\/wingchunhospitalet.es\/ca\/#organization\",\"name\":\"Wing Chun Hospitalet\",\"alternateName\":\"WC Hospitalet\",\"url\":\"https:\/\/wingchunhospitalet.es\/ca\/\",\"logo\":{\"@type\":\"ImageObject\",\"inLanguage\":\"ca\",\"@id\":\"https:\/\/wingchunhospitalet.es\/ca\/#\/schema\/logo\/image\/\",\"url\":\"https:\/\/wingchunhospitalet.es\/wp-content\/uploads\/2024\/11\/cropped-logo-wing-chun-hospitalet-redux-1.png\",\"contentUrl\":\"https:\/\/wingchunhospitalet.es\/wp-content\/uploads\/2024\/11\/cropped-logo-wing-chun-hospitalet-redux-1.png\",\"width\":402,\"height\":118,\"caption\":\"Wing Chun Hospitalet\"},\"image\":{\"@id\":\"https:\/\/wingchunhospitalet.es\/ca\/#\/schema\/logo\/image\/\"},\"sameAs\":[\"https:\/\/www.facebook.com\/kungfuhospitalet\/?locale=es_ES\",\"https:\/\/www.instagram.com\/wing_chun_hospitalet\/?hl=es\"]}]}<\/script>\n<!-- \/ Yoast SEO plugin. -->","yoast_head_json":{"title":"Pol\u00edtica de privacitat - Wing chun Kung fu Hospitalet","robots":{"index":"noindex","follow":"nofollow"},"og_locale":"ca_ES","og_type":"article","og_title":"Pol\u00edtica de privacitat - Wing chun Kung fu Hospitalet","og_description":"WING CHUN HOSPITALET tracta les dades dels seus subscriptors garantint la protecci\u00f3, la privacitat i la confidencialitat a fi d&#8217;atorgar la major protecci\u00f3 possible als seus drets fonamentals com a ciutad\u00e0 de la Uni\u00f3 Europea. En aquest sentit li oferim la informaci\u00f3 necess\u00e0ria d&#8217;acord amb el que es disposa en el art.\u00ba 13 del Reglament [&hellip;]","og_url":"https:\/\/wingchunhospitalet.es\/ca\/politica-de-privacitat\/","og_site_name":"Wing chun Kung fu Hospitalet","article_publisher":"https:\/\/www.facebook.com\/kungfuhospitalet\/?locale=es_ES","article_modified_time":"2025-04-19T11:27:30+00:00","twitter_card":"summary_large_image","twitter_misc":{"Temps estimat de lectura":"5 minuts"},"schema":{"@context":"https:\/\/schema.org","@graph":[{"@type":"WebPage","@id":"https:\/\/wingchunhospitalet.es\/ca\/politica-de-privacitat\/","url":"https:\/\/wingchunhospitalet.es\/ca\/politica-de-privacitat\/","name":"Pol\u00edtica de privacitat - Wing chun Kung fu Hospitalet","isPartOf":{"@id":"https:\/\/wingchunhospitalet.es\/ca\/#website"},"datePublished":"2023-06-23T11:21:55+00:00","dateModified":"2025-04-19T11:27:30+00:00","breadcrumb":{"@id":"https:\/\/wingchunhospitalet.es\/ca\/politica-de-privacitat\/#breadcrumb"},"inLanguage":"ca","potentialAction":[{"@type":"ReadAction","target":["https:\/\/wingchunhospitalet.es\/ca\/politica-de-privacitat\/"]}]},{"@type":"BreadcrumbList","@id":"https:\/\/wingchunhospitalet.es\/ca\/politica-de-privacitat\/#breadcrumb","itemListElement":[{"@type":"ListItem","position":1,"name":"Portada","item":"https:\/\/wingchunhospitalet.es\/ca\/"},{"@type":"ListItem","position":2,"name":"Pol\u00edtica de privacitat"}]},{"@type":"WebSite","@id":"https:\/\/wingchunhospitalet.es\/ca\/#website","url":"https:\/\/wingchunhospitalet.es\/ca\/","name":"Wing chun Kung fu Hospitalet","description":"Escuela de Kung Fu","publisher":{"@id":"https:\/\/wingchunhospitalet.es\/ca\/#organization"},"alternateName":"Wing Chun Hospitalet","potentialAction":[{"@type":"SearchAction","target":{"@type":"EntryPoint","urlTemplate":"https:\/\/wingchunhospitalet.es\/ca\/?s={search_term_string}"},"query-input":{"@type":"PropertyValueSpecification","valueRequired":true,"valueName":"search_term_string"}}],"inLanguage":"ca"},{"@type":"Organization","@id":"https:\/\/wingchunhospitalet.es\/ca\/#organization","name":"Wing Chun Hospitalet","alternateName":"WC Hospitalet","url":"https:\/\/wingchunhospitalet.es\/ca\/","logo":{"@type":"ImageObject","inLanguage":"ca","@id":"https:\/\/wingchunhospitalet.es\/ca\/#\/schema\/logo\/image\/","url":"https:\/\/wingchunhospitalet.es\/wp-content\/uploads\/2024\/11\/cropped-logo-wing-chun-hospitalet-redux-1.png","contentUrl":"https:\/\/wingchunhospitalet.es\/wp-content\/uploads\/2024\/11\/cropped-logo-wing-chun-hospitalet-redux-1.png","width":402,"height":118,"caption":"Wing Chun Hospitalet"},"image":{"@id":"https:\/\/wingchunhospitalet.es\/ca\/#\/schema\/logo\/image\/"},"sameAs":["https:\/\/www.facebook.com\/kungfuhospitalet\/?locale=es_ES","https:\/\/www.instagram.com\/wing_chun_hospitalet\/?hl=es"]}]}},"_links":{"self":[{"href":"https:\/\/wingchunhospitalet.es\/ca\/wp-json\/wp\/v2\/pages\/1180","targetHints":{"allow":["GET"]}}],"collection":[{"href":"https:\/\/wingchunhospitalet.es\/ca\/wp-json\/wp\/v2\/pages"}],"about":[{"href":"https:\/\/wingchunhospitalet.es\/ca\/wp-json\/wp\/v2\/types\/page"}],"author":[{"embeddable":true,"href":"https:\/\/wingchunhospitalet.es\/ca\/wp-json\/wp\/v2\/users\/1"}],"replies":[{"embeddable":true,"href":"https:\/\/wingchunhospitalet.es\/ca\/wp-json\/wp\/v2\/comments?post=1180"}],"version-history":[{"count":1,"href":"https:\/\/wingchunhospitalet.es\/ca\/wp-json\/wp\/v2\/pages\/1180\/revisions"}],"predecessor-version":[{"id":1181,"href":"https:\/\/wingchunhospitalet.es\/ca\/wp-json\/wp\/v2\/pages\/1180\/revisions\/1181"}],"wp:attachment":[{"href":"https:\/\/wingchunhospitalet.es\/ca\/wp-json\/wp\/v2\/media?parent=1180"}],"curies":[{"name":"wp","href":"https:\/\/api.w.org\/{rel}","templated":true}]}}